{"id":363,"date":"2022-11-02T16:26:43","date_gmt":"2022-11-02T16:26:43","guid":{"rendered":"https:\/\/vibamat.de\/?page_id=363"},"modified":"2023-01-24T15:31:50","modified_gmt":"2023-01-24T14:31:50","slug":"impressum","status":"publish","type":"page","link":"https:\/\/vibamat.de\/en\/impressum","title":{"rendered":"Imprint"},"content":{"rendered":"<div data-elementor-type=\"wp-page\" data-elementor-id=\"363\" class=\"elementor elementor-363\" data-elementor-post-type=\"page\">\n\t\t\t\t\t\t\t\t\t<section class=\"elementor-section elementor-top-section elementor-element elementor-element-13b8363 elementor-section-height-min-height elementor-section-items-stretch elementor-section-boxed elementor-section-height-default\" data-id=\"13b8363\" data-element_type=\"section\" data-settings=\"{&quot;background_background&quot;:&quot;classic&quot;}\">\n\t\t\t\t\t\t<div class=\"elementor-container elementor-column-gap-no\">\n\t\t\t\t\t<div class=\"elementor-column elementor-col-100 elementor-top-column elementor-element elementor-element-60258946 elementor-invisible\" data-id=\"60258946\" data-element_type=\"column\" data-settings=\"{&quot;animation&quot;:&quot;fadeIn&quot;}\">\n\t\t\t<div class=\"elementor-widget-wrap elementor-element-populated\">\n\t\t\t\t\t\t\t\t<section class=\"elementor-section elementor-inner-section elementor-element elementor-element-7aff6ce9 elementor-section-boxed elementor-section-height-default elementor-section-height-default\" data-id=\"7aff6ce9\" data-element_type=\"section\">\n\t\t\t\t\t\t<div class=\"elementor-container elementor-column-gap-no\">\n\t\t\t\t\t<div class=\"elementor-column elementor-col-100 elementor-inner-column elementor-element elementor-element-41a0fb46\" data-id=\"41a0fb46\" data-element_type=\"column\">\n\t\t\t<div class=\"elementor-widget-wrap elementor-element-populated\">\n\t\t\t\t\t\t\t\t<div class=\"elementor-element elementor-element-36f1e274 animated-slow elementor-invisible elementor-widget elementor-widget-heading\" data-id=\"36f1e274\" data-element_type=\"widget\" data-settings=\"{&quot;_animation&quot;:&quot;fadeInUp&quot;}\" data-widget_type=\"heading.default\">\n\t\t\t\t<div class=\"elementor-widget-container\">\n\t\t\t<style>\/*! elementor - v3.17.0 - 08-11-2023 *\/\n.elementor-heading-title{padding:0;margin:0;line-height:1}.elementor-widget-heading .elementor-heading-title[class*=elementor-size-]>a{color:inherit;font-size:inherit;line-height:inherit}.elementor-widget-heading .elementor-heading-title.elementor-size-small{font-size:15px}.elementor-widget-heading .elementor-heading-title.elementor-size-medium{font-size:19px}.elementor-widget-heading .elementor-heading-title.elementor-size-large{font-size:29px}.elementor-widget-heading .elementor-heading-title.elementor-size-xl{font-size:39px}.elementor-widget-heading .elementor-heading-title.elementor-size-xxl{font-size:59px}<\/style><h2 class=\"elementor-heading-title elementor-size-default\">Imprint<\/h2>\t\t<\/div>\n\t\t\t\t<\/div>\n\t\t\t\t\t<\/div>\n\t\t<\/div>\n\t\t\t\t\t\t\t<\/div>\n\t\t<\/section>\n\t\t\t\t\t<\/div>\n\t\t<\/div>\n\t\t\t\t\t\t\t<\/div>\n\t\t<\/section>\n\t\t\t\t<section class=\"elementor-section elementor-top-section elementor-element elementor-element-68a9563 elementor-section-boxed elementor-section-height-default elementor-section-height-default\" data-id=\"68a9563\" data-element_type=\"section\">\n\t\t\t\t\t\t<div class=\"elementor-container elementor-column-gap-no\">\n\t\t\t\t\t<div class=\"elementor-column elementor-col-100 elementor-top-column elementor-element elementor-element-c12e874\" data-id=\"c12e874\" data-element_type=\"column\">\n\t\t\t<div class=\"elementor-widget-wrap elementor-element-populated\">\n\t\t\t\t\t\t\t\t<div class=\"elementor-element elementor-element-ce57bb8 elementor-widget elementor-widget-text-editor\" data-id=\"ce57bb8\" data-element_type=\"widget\" data-widget_type=\"text-editor.default\">\n\t\t\t\t<div class=\"elementor-widget-container\">\n\t\t\t<style>\/*! elementor - v3.17.0 - 08-11-2023 *\/\n.elementor-widget-text-editor.elementor-drop-cap-view-stacked .elementor-drop-cap{background-color:#69727d;color:#fff}.elementor-widget-text-editor.elementor-drop-cap-view-framed .elementor-drop-cap{color:#69727d;border:3px solid;background-color:transparent}.elementor-widget-text-editor:not(.elementor-drop-cap-view-default) .elementor-drop-cap{margin-top:8px}.elementor-widget-text-editor:not(.elementor-drop-cap-view-default) .elementor-drop-cap-letter{width:1em;height:1em}.elementor-widget-text-editor .elementor-drop-cap{float:left;text-align:center;line-height:1;font-size:50px}.elementor-widget-text-editor .elementor-drop-cap-letter{display:inline-block}<\/style>\t\t\t\t<h2>Information according to \u00a7 5 TMG\u00a0<\/h2><p>Vibamat Vertriebs- und Service GmbH<br \/>Managing Director: Michael Bubolz<br \/>Carl-Zeiss-Stra\u00dfe 42<br \/>28816 Stuhr<br \/>Germany<\/p><p>Telephone: +49 421 438 1465 0<br \/>E-Mail: <a href=\"mailto:info@vibamat.de\">info@vibamat.de<\/a><\/p><p>\u00a0<\/p><h2>Sales tax identification number according to \u00a727 a Umsatzsteuergesetz:\u00a0<\/h2><p>DE 352401878<br \/>Commercial register number: HRB 210264<\/p><p>\u00a0<\/p><h2>Consumer dispute resolution\/universal arbitration board\u00a0<\/h2><p>We are not willing or obliged to participate in dispute resolution proceedings before a\u00a0<span style=\"color: var( --e-global-color-primary ); font-family: var( --e-global-typography-primary-font-family ), Sans-serif; font-size: var( --e-global-typography-primary-font-size ); font-weight: var( --e-global-typography-primary-font-weight ); text-transform: var( --e-global-typography-primary-text-transform );\">consumer arbitration board.\u00a0<\/span><\/p><p>\u00a0<\/p><h2>Liability notice<\/h2><p>Despite careful control of the content, we assume no liability for the content of external links. The operators of the linked pages are solely responsible for their content.<\/p><p>Source:<a href=\"https:\/\/www.e-recht24.de\"> https:\/\/www.e-recht24.de <br \/><\/a>Source: Created with the privacy generator from AdSimple<\/p><p>\u00a0<\/p>\t\t\t\t\t\t<\/div>\n\t\t\t\t<\/div>\n\t\t\t\t\t<\/div>\n\t\t<\/div>\n\t\t\t\t\t\t\t<\/div>\n\t\t<\/section>\n\t\t\t\t\t\t\t<\/div>","protected":false},"excerpt":{"rendered":"<p>Impressum Angaben gem\u00e4\u00df \u00a7 5 TMG\u00a0 Vibamat Vertriebs- und Service GmbHGesch\u00e4ftsf\u00fchrer: Michael BubolzCarl-Zeiss-Stra\u00dfe 4228816 StuhrDeutschland Telefon: +49 421 438 1465 0E-Mail: info@vibamat.de \u00a0 Umsatzsteuer-Identifikationsnummer gem\u00e4\u00df \u00a727 a Umsatzsteuergesetz:\u00a0 DE 352401878Handelsregisternummer: HRB 210264 \u00a0 Verbraucherstreitbeilegung\/Universalschlichtungsstelle\u00a0 Wir sind nicht bereit oder verpflichtet, an Streitbeilegungsverfahren vor einer\u00a0Verbraucherschlichtungsstelle teilzunehmen.\u00a0 \u00a0 Haftungshinweis Trotz sorgf\u00e4ltiger inhaltlicher Kontrolle \u00fcbernehmen wir keine Haftung [&hellip;]<\/p>","protected":false},"author":4,"featured_media":0,"parent":0,"menu_order":0,"comment_status":"closed","ping_status":"closed","template":"","meta":{"content-type":"","footnotes":""},"class_list":["post-363","page","type-page","status-publish","hentry"],"yoast_head":"<!-- This site is optimized with the Yoast SEO plugin v21.5 - https:\/\/yoast.com\/wordpress\/plugins\/seo\/ -->\n<title>Vibamat - Corona Erkennung in der Atemluft<\/title>\n<meta name=\"robots\" content=\"noindex, nofollow\" \/>\n<script type=\"application\/ld+json\" class=\"yoast-schema-graph\">{\"@context\":\"https:\/\/schema.org\",\"@graph\":[{\"@type\":\"WebPage\",\"@id\":\"https:\/\/vibamat.de\/impressum\",\"url\":\"https:\/\/vibamat.de\/impressum\",\"name\":\"Vibamat - Corona Erkennung in der Atemluft\",\"isPartOf\":{\"@id\":\"https:\/\/vibamat.de\/#website\"},\"datePublished\":\"2022-11-02T16:26:43+00:00\",\"dateModified\":\"2023-01-24T14:31:50+00:00\",\"breadcrumb\":{\"@id\":\"https:\/\/vibamat.de\/impressum#breadcrumb\"},\"inLanguage\":\"en-GB\",\"potentialAction\":[{\"@type\":\"ReadAction\",\"target\":[\"https:\/\/vibamat.de\/impressum\"]}]},{\"@type\":\"BreadcrumbList\",\"@id\":\"https:\/\/vibamat.de\/impressum#breadcrumb\",\"itemListElement\":[{\"@type\":\"ListItem\",\"position\":1,\"name\":\"Startseite\",\"item\":\"https:\/\/vibamat.de\/\"},{\"@type\":\"ListItem\",\"position\":2,\"name\":\"Impressum\"}]},{\"@type\":\"WebSite\",\"@id\":\"https:\/\/vibamat.de\/#website\",\"url\":\"https:\/\/vibamat.de\/\",\"name\":\"Vibamat\",\"description\":\"Covid Erkennung aus der Atemluft\",\"publisher\":{\"@id\":\"https:\/\/vibamat.de\/#organization\"},\"potentialAction\":[{\"@type\":\"SearchAction\",\"target\":{\"@type\":\"EntryPoint\",\"urlTemplate\":\"https:\/\/vibamat.de\/?s={search_term_string}\"},\"query-input\":\"required name=search_term_string\"}],\"inLanguage\":\"en-GB\"},{\"@type\":\"Organization\",\"@id\":\"https:\/\/vibamat.de\/#organization\",\"name\":\"Vibamat\",\"url\":\"https:\/\/vibamat.de\/\",\"logo\":{\"@type\":\"ImageObject\",\"inLanguage\":\"en-GB\",\"@id\":\"https:\/\/vibamat.de\/#\/schema\/logo\/image\/\",\"url\":\"https:\/\/vibamat.de\/wp-content\/uploads\/2022\/10\/Vibamat-Logo.png\",\"contentUrl\":\"https:\/\/vibamat.de\/wp-content\/uploads\/2022\/10\/Vibamat-Logo.png\",\"width\":681,\"height\":215,\"caption\":\"Vibamat\"},\"image\":{\"@id\":\"https:\/\/vibamat.de\/#\/schema\/logo\/image\/\"}}]}<\/script>\n<!-- \/ Yoast SEO plugin. -->","yoast_head_json":{"title":"Vibamat - Corona Erkennung in der Atemluft","robots":{"index":"noindex","follow":"nofollow"},"schema":{"@context":"https:\/\/schema.org","@graph":[{"@type":"WebPage","@id":"https:\/\/vibamat.de\/impressum","url":"https:\/\/vibamat.de\/impressum","name":"Vibamat - Corona Erkennung in der Atemluft","isPartOf":{"@id":"https:\/\/vibamat.de\/#website"},"datePublished":"2022-11-02T16:26:43+00:00","dateModified":"2023-01-24T14:31:50+00:00","breadcrumb":{"@id":"https:\/\/vibamat.de\/impressum#breadcrumb"},"inLanguage":"en-GB","potentialAction":[{"@type":"ReadAction","target":["https:\/\/vibamat.de\/impressum"]}]},{"@type":"BreadcrumbList","@id":"https:\/\/vibamat.de\/impressum#breadcrumb","itemListElement":[{"@type":"ListItem","position":1,"name":"Startseite","item":"https:\/\/vibamat.de\/"},{"@type":"ListItem","position":2,"name":"Impressum"}]},{"@type":"WebSite","@id":"https:\/\/vibamat.de\/#website","url":"https:\/\/vibamat.de\/","name":"Vibamat","description":"Covid Erkennung aus der Atemluft","publisher":{"@id":"https:\/\/vibamat.de\/#organization"},"potentialAction":[{"@type":"SearchAction","target":{"@type":"EntryPoint","urlTemplate":"https:\/\/vibamat.de\/?s={search_term_string}"},"query-input":"required name=search_term_string"}],"inLanguage":"en-GB"},{"@type":"Organization","@id":"https:\/\/vibamat.de\/#organization","name":"Vibamat","url":"https:\/\/vibamat.de\/","logo":{"@type":"ImageObject","inLanguage":"en-GB","@id":"https:\/\/vibamat.de\/#\/schema\/logo\/image\/","url":"https:\/\/vibamat.de\/wp-content\/uploads\/2022\/10\/Vibamat-Logo.png","contentUrl":"https:\/\/vibamat.de\/wp-content\/uploads\/2022\/10\/Vibamat-Logo.png","width":681,"height":215,"caption":"Vibamat"},"image":{"@id":"https:\/\/vibamat.de\/#\/schema\/logo\/image\/"}}]}},"_links":{"self":[{"href":"https:\/\/vibamat.de\/en\/wp-json\/wp\/v2\/pages\/363","targetHints":{"allow":["GET"]}}],"collection":[{"href":"https:\/\/vibamat.de\/en\/wp-json\/wp\/v2\/pages"}],"about":[{"href":"https:\/\/vibamat.de\/en\/wp-json\/wp\/v2\/types\/page"}],"author":[{"embeddable":true,"href":"https:\/\/vibamat.de\/en\/wp-json\/wp\/v2\/users\/4"}],"replies":[{"embeddable":true,"href":"https:\/\/vibamat.de\/en\/wp-json\/wp\/v2\/comments?post=363"}],"version-history":[{"count":33,"href":"https:\/\/vibamat.de\/en\/wp-json\/wp\/v2\/pages\/363\/revisions"}],"predecessor-version":[{"id":1326,"href":"https:\/\/vibamat.de\/en\/wp-json\/wp\/v2\/pages\/363\/revisions\/1326"}],"wp:attachment":[{"href":"https:\/\/vibamat.de\/en\/wp-json\/wp\/v2\/media?parent=363"}],"curies":[{"name":"wp","href":"https:\/\/api.w.org\/{rel}","templated":true}]}}